{"id":179,"date":"2026-02-20T15:27:25","date_gmt":"2026-02-20T14:27:25","guid":{"rendered":"https:\/\/www.claire-chaouat-ceramique.com\/?post_type=product&#038;p=179"},"modified":"2026-02-20T15:27:26","modified_gmt":"2026-02-20T14:27:26","slug":"bol-gres","status":"publish","type":"product","link":"https:\/\/www.claire-chaouat-ceramique.com\/index.php\/produit\/bol-gres\/","title":{"rendered":"Bol gr\u00e8s"},"content":{"rendered":"<h3 data-start=\"702\" data-end=\"723\">Bol gr\u00e8s tourn\u00e9<\/h3>\n<p data-start=\"834\" data-end=\"1013\">Bol en gr\u00e8s tourn\u00e9 \u00e0 la main sur le tour de potier.<br data-start=\"885\" data-end=\"888\" \/>Sa ligne sobre et \u00e9quilibr\u00e9e met en valeur la mati\u00e8re et la profondeur de l\u2019\u00e9mail, enti\u00e8rement con\u00e7u et fabriqu\u00e9 \u00e0 l\u2019atelier.<\/p>\n<p data-start=\"1015\" data-end=\"1117\">Polyvalent et intemporel, il accompagne vos petits-d\u00e9jeuners, soupes, desserts ou en-cas du quotidien.<\/p>\n<p data-start=\"1119\" data-end=\"1203\">Chaque bol est unique et pr\u00e9sente de l\u00e9g\u00e8res variations qui t\u00e9moignent de son caract\u00e8re artisanal.<\/p>\n<p data-start=\"1205\" data-end=\"1325\">\u2714 Gr\u00e8s haute temp\u00e9rature<br data-start=\"1229\" data-end=\"1232\" \/>\u2714 \u00c9mail artisanal maison<br data-start=\"1256\" data-end=\"1259\" \/>\u2714 Usage alimentaire<br data-start=\"1278\" data-end=\"1281\" \/>\u2714 Compatible lave-vaisselle et micro-ondes<\/p>\n<hr \/>\n<p data-start=\"1205\" data-end=\"1325\">Wheel-Thrown Bowl<\/p>\n<p data-start=\"725\" data-end=\"889\">Stoneware bowl wheel-thrown by hand on the potter\u2019s wheel.<br data-start=\"783\" data-end=\"786\" \/>Its clean, balanced form highlights the depth of the glaze, entirely designed and crafted in my studio.<\/p>\n<p data-start=\"891\" data-end=\"980\">Versatile and timeless, it is perfect for breakfast, soups, desserts, or everyday snacks.<\/p>\n<p data-start=\"982\" data-end=\"1055\">Each bowl features slight variations that reflect its handcrafted nature.<\/p>\n<p data-start=\"1057\" data-end=\"1155\">\u2714 High-fired stoneware<br data-start=\"1079\" data-end=\"1082\" \/>\u2714 Handmade studio glaze<br data-start=\"1105\" data-end=\"1108\" \/>\u2714 Food safe<br data-start=\"1119\" data-end=\"1122\" \/>\u2714 Dishwasher and microwave safe<\/p>\n","protected":false},"excerpt":{"rendered":"<h3 data-start=\"818\" data-end=\"832\">Bol tourn\u00e9<\/h3>\n<p data-start=\"834\" data-end=\"1013\">Bol en gr\u00e8s tourn\u00e9 \u00e0 la main sur le tour, enti\u00e8rement con\u00e7u et fabriqu\u00e9 \u00e0 l\u2019atelier.<\/p>\n<p data-start=\"1015\" data-end=\"1117\">Polyvalent et intemporel, il accompagne vos petits-d\u00e9jeuners, soupes, desserts ou en-cas du quotidien.<\/p>\n<p data-start=\"1119\" data-end=\"1203\">Chaque bol pr\u00e9sente de l\u00e9g\u00e8res variations qui t\u00e9moignent de son caract\u00e8re artisanal.<\/p>\n<p data-start=\"1205\" data-end=\"1325\">\u2714 Gr\u00e8s haute temp\u00e9rature<br data-start=\"1229\" data-end=\"1232\" \/>\u2714 \u00c9mail artisanal maison<br data-start=\"1256\" data-end=\"1259\" \/>\u2714 Usage alimentaire<br data-start=\"1278\" data-end=\"1281\" \/>\u2714 Compatible lave-vaisselle et micro-ondes<\/p>\n","protected":false},"featured_media":180,"comment_status":"open","ping_status":"closed","template":"","meta":{"jetpack_publicize_message":"","jetpack_publicize_feature_enabled":true,"jetpack_social_post_already_shared":true,"jetpack_social_options":{"image_generator_settings":{"template":"highway","default_image_id":0,"font":"","enabled":false},"version":2}},"product_brand":[],"product_cat":[27,19],"product_tag":[31,30,32],"class_list":{"0":"post-179","1":"product","2":"type-product","3":"status-publish","4":"has-post-thumbnail","6":"product_cat-gres","7":"product_cat-les-bols","8":"product_tag-bol","9":"product_tag-gres","10":"product_tag-tour","12":"first","13":"instock","14":"sold-individually","15":"taxable","16":"shipping-taxable","17":"purchasable","18":"product-type-simple"},"jetpack_publicize_connections":[],"jetpack_sharing_enabled":true,"_links":{"self":[{"href":"https:\/\/www.claire-chaouat-ceramique.com\/index.php\/wp-json\/wp\/v2\/product\/179","targetHints":{"allow":["GET"]}}],"collection":[{"href":"https:\/\/www.claire-chaouat-ceramique.com\/index.php\/wp-json\/wp\/v2\/product"}],"about":[{"href":"https:\/\/www.claire-chaouat-ceramique.com\/index.php\/wp-json\/wp\/v2\/types\/product"}],"replies":[{"embeddable":true,"href":"https:\/\/www.claire-chaouat-ceramique.com\/index.php\/wp-json\/wp\/v2\/comments?post=179"}],"wp:featuredmedia":[{"embeddable":true,"href":"https:\/\/www.claire-chaouat-ceramique.com\/index.php\/wp-json\/wp\/v2\/media\/180"}],"wp:attachment":[{"href":"https:\/\/www.claire-chaouat-ceramique.com\/index.php\/wp-json\/wp\/v2\/media?parent=179"}],"wp:term":[{"taxonomy":"product_brand","embeddable":true,"href":"https:\/\/www.claire-chaouat-ceramique.com\/index.php\/wp-json\/wp\/v2\/product_brand?post=179"},{"taxonomy":"product_cat","embeddable":true,"href":"https:\/\/www.claire-chaouat-ceramique.com\/index.php\/wp-json\/wp\/v2\/product_cat?post=179"},{"taxonomy":"product_tag","embeddable":true,"href":"https:\/\/www.claire-chaouat-ceramique.com\/index.php\/wp-json\/wp\/v2\/product_tag?post=179"}],"curies":[{"name":"wp","href":"https:\/\/api.w.org\/{rel}","templated":true}]}}