{"id":176,"date":"2026-02-20T15:01:28","date_gmt":"2026-02-20T14:01:28","guid":{"rendered":"https:\/\/www.claire-chaouat-ceramique.com\/?post_type=product&#038;p=176"},"modified":"2026-02-20T16:34:39","modified_gmt":"2026-02-20T15:34:39","slug":"saladier-coquille","status":"publish","type":"product","link":"https:\/\/www.claire-chaouat-ceramique.com\/index.php\/produit\/saladier-coquille\/","title":{"rendered":"Saladier coquille"},"content":{"rendered":"<h3 data-start=\"172\" data-end=\"208\">\ud83d\udc1a Saladier Coquille<\/h3>\n<p data-start=\"210\" data-end=\"434\">Saladier en gr\u00e8s fa\u00e7onn\u00e9 \u00e0 la main selon la technique de l\u2019estampage, inspir\u00e9 par la d\u00e9licatesse des coquillages et les reliefs naturels.<br data-start=\"347\" data-end=\"350\" \/>Chaque pi\u00e8ce est unique, marqu\u00e9e par l\u2019empreinte du geste et la douceur des courbes.<\/p>\n<p data-start=\"436\" data-end=\"599\">L\u2019\u00e9mail, \u00e9labor\u00e9 et fabriqu\u00e9 dans mon atelier, r\u00e9v\u00e8le des nuances subtiles et profondes qui varient l\u00e9g\u00e8rement selon la cuisson, rendant chaque saladier singulier.<\/p>\n<p data-start=\"601\" data-end=\"672\">Id\u00e9al pour pr\u00e9senter salades, fruits ou plats \u00e0 partager avec \u00e9l\u00e9gance.<\/p>\n<p data-start=\"674\" data-end=\"811\">\u2714 Gr\u00e8s haute temp\u00e9rature<br data-start=\"698\" data-end=\"701\" \/>\u2714 \u00c9mail artisanal fabriqu\u00e9 par mes soins<br data-start=\"741\" data-end=\"744\" \/>\u2714 Usage alimentaire<br data-start=\"763\" data-end=\"766\" \/>\u2714 Passe au lave-vaisselle et au micro-ondes<\/p>\n<p data-start=\"674\" data-end=\"811\">______________________________________________________________________<\/p>\n<h3 data-start=\"92\" data-end=\"153\">\ud83d\udc1a Shell Serving Bowl \u2013 Hand-Built (Slab &amp; Press Molding)<\/h3>\n<p data-start=\"155\" data-end=\"358\">Stoneware serving bowl handcrafted using a press-molding technique, inspired by the delicacy of seashells and natural textures.<br data-start=\"282\" data-end=\"285\" \/>Each piece is unique, shaped by hand and defined by soft, organic curves.<\/p>\n<p data-start=\"360\" data-end=\"511\">The glaze, developed and made in my studio, reveals subtle and deep nuances that vary slightly with each firing, making every bowl truly one of a kind.<\/p>\n<p data-start=\"513\" data-end=\"580\">Perfect for serving salads, fruits, or shared dishes with elegance.<\/p>\n<p data-start=\"582\" data-end=\"695\">\u2714 High-fired stoneware<br data-start=\"604\" data-end=\"607\" \/>\u2714 Handmade glaze, crafted in my studio<br data-start=\"645\" data-end=\"648\" \/>\u2714 Food safe<br data-start=\"659\" data-end=\"662\" \/>\u2714 Dishwasher and microwave safe<\/p>\n","protected":false},"excerpt":{"rendered":"<hr data-start=\"167\" data-end=\"170\" \/>\n<h3 data-start=\"172\" data-end=\"208\">\ud83d\udc1a Saladier Coquille \u2013 Estampage<\/h3>\n<p data-start=\"210\" data-end=\"434\">Saladier en gr\u00e8s fa\u00e7onn\u00e9 \u00e0 la main selon la technique de l\u2019estampage, inspir\u00e9 par la d\u00e9licatesse des coquillages et les reliefs naturels.<br data-start=\"347\" data-end=\"350\" \/>Chaque pi\u00e8ce est unique.<\/p>\n<p data-start=\"436\" data-end=\"599\">L\u2019\u00e9mail, \u00e9labor\u00e9 et fabriqu\u00e9 dans mon atelier.<\/p>\n<p data-start=\"601\" data-end=\"672\">Id\u00e9al pour pr\u00e9senter salades, fruits ou plats \u00e0 partager avec \u00e9l\u00e9gance.<\/p>\n<p data-start=\"674\" data-end=\"811\">\u2714 Gr\u00e8s haute temp\u00e9rature<br data-start=\"698\" data-end=\"701\" \/>\u2714 \u00c9mail artisanal fabriqu\u00e9 par mes soins<br data-start=\"741\" data-end=\"744\" \/>\u2714 Usage alimentaire<br data-start=\"763\" data-end=\"766\" \/>\u2714 Passe au lave-vaisselle et au micro-ondes<\/p>\n","protected":false},"featured_media":177,"comment_status":"open","ping_status":"closed","template":"","meta":{"jetpack_publicize_message":"","jetpack_publicize_feature_enabled":true,"jetpack_social_post_already_shared":true,"jetpack_social_options":{"image_generator_settings":{"template":"highway","default_image_id":0,"font":"","enabled":false},"version":2}},"product_brand":[],"product_cat":[27,26],"product_tag":[29,30,28],"class_list":{"0":"post-176","1":"product","2":"type-product","3":"status-publish","4":"has-post-thumbnail","6":"product_cat-gres","7":"product_cat-saladiers","8":"product_tag-coquille","9":"product_tag-gres","10":"product_tag-saladier","12":"first","13":"instock","14":"taxable","15":"shipping-taxable","16":"purchasable","17":"product-type-simple"},"jetpack_publicize_connections":[],"jetpack_sharing_enabled":true,"_links":{"self":[{"href":"https:\/\/www.claire-chaouat-ceramique.com\/index.php\/wp-json\/wp\/v2\/product\/176","targetHints":{"allow":["GET"]}}],"collection":[{"href":"https:\/\/www.claire-chaouat-ceramique.com\/index.php\/wp-json\/wp\/v2\/product"}],"about":[{"href":"https:\/\/www.claire-chaouat-ceramique.com\/index.php\/wp-json\/wp\/v2\/types\/product"}],"replies":[{"embeddable":true,"href":"https:\/\/www.claire-chaouat-ceramique.com\/index.php\/wp-json\/wp\/v2\/comments?post=176"}],"wp:featuredmedia":[{"embeddable":true,"href":"https:\/\/www.claire-chaouat-ceramique.com\/index.php\/wp-json\/wp\/v2\/media\/177"}],"wp:attachment":[{"href":"https:\/\/www.claire-chaouat-ceramique.com\/index.php\/wp-json\/wp\/v2\/media?parent=176"}],"wp:term":[{"taxonomy":"product_brand","embeddable":true,"href":"https:\/\/www.claire-chaouat-ceramique.com\/index.php\/wp-json\/wp\/v2\/product_brand?post=176"},{"taxonomy":"product_cat","embeddable":true,"href":"https:\/\/www.claire-chaouat-ceramique.com\/index.php\/wp-json\/wp\/v2\/product_cat?post=176"},{"taxonomy":"product_tag","embeddable":true,"href":"https:\/\/www.claire-chaouat-ceramique.com\/index.php\/wp-json\/wp\/v2\/product_tag?post=176"}],"curies":[{"name":"wp","href":"https:\/\/api.w.org\/{rel}","templated":true}]}}