{"id":80,"date":"2023-03-23T13:46:27","date_gmt":"2023-03-23T12:46:27","guid":{"rendered":"https:\/\/www.claire-chaouat-ceramique.com\/?page_id=80"},"modified":"2023-03-23T13:46:27","modified_gmt":"2023-03-23T12:46:27","slug":"objets-decos-du-quotidien","status":"publish","type":"page","link":"https:\/\/www.claire-chaouat-ceramique.com\/index.php\/objets-decos-du-quotidien\/","title":{"rendered":"Objets d\u00e9cos du quotidien"},"content":{"rendered":"\n<h2 class=\"wp-block-heading\">Vases, lampes, bo\u00eetes&#8230;<\/h2>\n\n\n\n<p>Le choix d&rsquo;un objet unique est une d\u00e9marche personnelle qui refl\u00e8te un part de notre sensibilit\u00e9 vers le sensible.<br>Un vase, une couleur, une forme, le bouquet qu&rsquo;il va accueillir, tout cela va \u00eatre propice \u00e0 un changement de d\u00e9cors.<\/p>\n\n\n\n<div class=\"wp-block-jetpack-tiled-gallery aligncenter is-style-rectangular\"><div class=\"tiled-gallery__gallery\"><div class=\"tiled-gallery__row\"><div class=\"tiled-gallery__col\" style=\"flex-basis:27.99163%\"><figure class=\"tiled-gallery__item\"><img decoding=\"async\" srcset=\"https:\/\/i2.wp.com\/www.claire-chaouat-ceramique.com\/wp-content\/uploads\/2023\/03\/IMG_8187-576x1024.jpg?strip=info&#038;w=600&#038;ssl=1 600w,https:\/\/i2.wp.com\/www.claire-chaouat-ceramique.com\/wp-content\/uploads\/2023\/03\/IMG_8187-576x1024.jpg?strip=info&#038;w=900&#038;ssl=1 900w,https:\/\/i2.wp.com\/www.claire-chaouat-ceramique.com\/wp-content\/uploads\/2023\/03\/IMG_8187-576x1024.jpg?strip=info&#038;w=1200&#038;ssl=1 1200w,https:\/\/i2.wp.com\/www.claire-chaouat-ceramique.com\/wp-content\/uploads\/2023\/03\/IMG_8187-576x1024.jpg?strip=info&#038;w=1440&#038;ssl=1 1440w\" alt=\"\" data-height=\"2560\" data-id=\"81\" data-link=\"https:\/\/www.claire-chaouat-ceramique.com\/?attachment_id=81\" data-url=\"https:\/\/www.claire-chaouat-ceramique.com\/wp-content\/uploads\/2023\/03\/IMG_8187-576x1024.jpg\" data-width=\"1440\" src=\"https:\/\/i2.wp.com\/www.claire-chaouat-ceramique.com\/wp-content\/uploads\/2023\/03\/IMG_8187-576x1024.jpg?ssl=1\" data-amp-layout=\"responsive\"\/><\/figure><\/div><div class=\"tiled-gallery__col\" style=\"flex-basis:34.72015%\"><figure class=\"tiled-gallery__item\"><img decoding=\"async\" srcset=\"https:\/\/i0.wp.com\/www.claire-chaouat-ceramique.com\/wp-content\/uploads\/2023\/03\/DSC_0061-715x1024.png?strip=info&#038;w=600&#038;ssl=1 600w,https:\/\/i0.wp.com\/www.claire-chaouat-ceramique.com\/wp-content\/uploads\/2023\/03\/DSC_0061-715x1024.png?strip=info&#038;w=900&#038;ssl=1 900w,https:\/\/i0.wp.com\/www.claire-chaouat-ceramique.com\/wp-content\/uploads\/2023\/03\/DSC_0061-715x1024.png?strip=info&#038;w=1200&#038;ssl=1 1200w,https:\/\/i0.wp.com\/www.claire-chaouat-ceramique.com\/wp-content\/uploads\/2023\/03\/DSC_0061-715x1024.png?strip=info&#038;w=1500&#038;ssl=1 1500w,https:\/\/i0.wp.com\/www.claire-chaouat-ceramique.com\/wp-content\/uploads\/2023\/03\/DSC_0061-715x1024.png?strip=info&#038;w=1712&#038;ssl=1 1712w\" alt=\"\" data-height=\"2452\" data-id=\"82\" data-link=\"https:\/\/www.claire-chaouat-ceramique.com\/?attachment_id=82\" data-url=\"https:\/\/www.claire-chaouat-ceramique.com\/wp-content\/uploads\/2023\/03\/DSC_0061-715x1024.png\" data-width=\"1712\" src=\"https:\/\/i0.wp.com\/www.claire-chaouat-ceramique.com\/wp-content\/uploads\/2023\/03\/DSC_0061-715x1024.png?ssl=1\" data-amp-layout=\"responsive\"\/><\/figure><\/div><div class=\"tiled-gallery__col\" style=\"flex-basis:37.28822%\"><figure class=\"tiled-gallery__item\"><img decoding=\"async\" srcset=\"https:\/\/i0.wp.com\/www.claire-chaouat-ceramique.com\/wp-content\/uploads\/2023\/03\/soliflore-porcelaine-2-768x1024.jpg?strip=info&#038;w=600&#038;ssl=1 600w,https:\/\/i0.wp.com\/www.claire-chaouat-ceramique.com\/wp-content\/uploads\/2023\/03\/soliflore-porcelaine-2-768x1024.jpg?strip=info&#038;w=900&#038;ssl=1 900w,https:\/\/i0.wp.com\/www.claire-chaouat-ceramique.com\/wp-content\/uploads\/2023\/03\/soliflore-porcelaine-2-768x1024.jpg?strip=info&#038;w=1200&#038;ssl=1 1200w,https:\/\/i0.wp.com\/www.claire-chaouat-ceramique.com\/wp-content\/uploads\/2023\/03\/soliflore-porcelaine-2-768x1024.jpg?strip=info&#038;w=1500&#038;ssl=1 1500w,https:\/\/i0.wp.com\/www.claire-chaouat-ceramique.com\/wp-content\/uploads\/2023\/03\/soliflore-porcelaine-2-768x1024.jpg?strip=info&#038;w=1800&#038;ssl=1 1800w,https:\/\/i0.wp.com\/www.claire-chaouat-ceramique.com\/wp-content\/uploads\/2023\/03\/soliflore-porcelaine-2-768x1024.jpg?strip=info&#038;w=1920&#038;ssl=1 1920w\" alt=\"\" data-height=\"2560\" data-id=\"83\" data-link=\"https:\/\/www.claire-chaouat-ceramique.com\/?attachment_id=83\" data-url=\"https:\/\/www.claire-chaouat-ceramique.com\/wp-content\/uploads\/2023\/03\/soliflore-porcelaine-2-768x1024.jpg\" data-width=\"1920\" src=\"https:\/\/i0.wp.com\/www.claire-chaouat-ceramique.com\/wp-content\/uploads\/2023\/03\/soliflore-porcelaine-2-768x1024.jpg?ssl=1\" data-amp-layout=\"responsive\"\/><\/figure><\/div><\/div><div class=\"tiled-gallery__row\"><div class=\"tiled-gallery__col\" style=\"flex-basis:46.33704%\"><figure class=\"tiled-gallery__item\"><img decoding=\"async\" srcset=\"https:\/\/i2.wp.com\/www.claire-chaouat-ceramique.com\/wp-content\/uploads\/2023\/03\/boule-rouge.jpg?strip=info&#038;w=600&#038;ssl=1 600w,https:\/\/i2.wp.com\/www.claire-chaouat-ceramique.com\/wp-content\/uploads\/2023\/03\/boule-rouge.jpg?strip=info&#038;w=650&#038;ssl=1 650w\" alt=\"\" data-height=\"1004\" data-id=\"84\" data-link=\"https:\/\/www.claire-chaouat-ceramique.com\/?attachment_id=84\" data-url=\"https:\/\/www.claire-chaouat-ceramique.com\/wp-content\/uploads\/2023\/03\/boule-rouge.jpg\" data-width=\"650\" src=\"https:\/\/i2.wp.com\/www.claire-chaouat-ceramique.com\/wp-content\/uploads\/2023\/03\/boule-rouge.jpg?ssl=1\" data-amp-layout=\"responsive\"\/><\/figure><\/div><div class=\"tiled-gallery__col\" style=\"flex-basis:53.66296%\"><figure class=\"tiled-gallery__item\"><img decoding=\"async\" srcset=\"https:\/\/i2.wp.com\/www.claire-chaouat-ceramique.com\/wp-content\/uploads\/2023\/03\/20191119_140324-768x1024.jpg?strip=info&#038;w=600&#038;ssl=1 600w,https:\/\/i2.wp.com\/www.claire-chaouat-ceramique.com\/wp-content\/uploads\/2023\/03\/20191119_140324-768x1024.jpg?strip=info&#038;w=900&#038;ssl=1 900w,https:\/\/i2.wp.com\/www.claire-chaouat-ceramique.com\/wp-content\/uploads\/2023\/03\/20191119_140324-768x1024.jpg?strip=info&#038;w=1200&#038;ssl=1 1200w,https:\/\/i2.wp.com\/www.claire-chaouat-ceramique.com\/wp-content\/uploads\/2023\/03\/20191119_140324-768x1024.jpg?strip=info&#038;w=1500&#038;ssl=1 1500w,https:\/\/i2.wp.com\/www.claire-chaouat-ceramique.com\/wp-content\/uploads\/2023\/03\/20191119_140324-768x1024.jpg?strip=info&#038;w=1800&#038;ssl=1 1800w,https:\/\/i2.wp.com\/www.claire-chaouat-ceramique.com\/wp-content\/uploads\/2023\/03\/20191119_140324-768x1024.jpg?strip=info&#038;w=1920&#038;ssl=1 1920w\" alt=\"\" data-height=\"2560\" data-id=\"85\" data-link=\"https:\/\/www.claire-chaouat-ceramique.com\/?attachment_id=85\" data-url=\"https:\/\/www.claire-chaouat-ceramique.com\/wp-content\/uploads\/2023\/03\/20191119_140324-768x1024.jpg\" data-width=\"1920\" src=\"https:\/\/i2.wp.com\/www.claire-chaouat-ceramique.com\/wp-content\/uploads\/2023\/03\/20191119_140324-768x1024.jpg?ssl=1\" data-amp-layout=\"responsive\"\/><\/figure><\/div><\/div><\/div><\/div>\n\n\n\n<div class=\"wp-block-buttons is-layout-flex wp-block-buttons-is-layout-flex\"><\/div>\n\n\n\n<p>Vous voulez en savoir plus, suivez mois sur <a href=\"https:\/\/www.instagram.com\/claire_chaouat\/\" target=\"_blank\" rel=\"noreferrer noopener\">Instagram <\/a>ou sur <a href=\"https:\/\/www.facebook.com\/objetsenceramiques\" data-type=\"URL\" data-id=\"https:\/\/www.facebook.com\/objetsenceramiques\" target=\"_blank\" rel=\"noreferrer noopener\">Facebook<\/a>.<\/p>\n\n\n\n<p><\/p>\n","protected":false},"excerpt":{"rendered":"<p>Vases, lampes, bo\u00eetes&#8230; Le choix d&rsquo;un objet unique est une d\u00e9marche personnelle qui refl\u00e8te un part de notre sensibilit\u00e9 vers le sensible.Un vase, une couleur, une forme, le bouquet qu&rsquo;il va accueillir, tout cela va \u00eatre propice \u00e0 un changement de d\u00e9cors. Vous voulez en savoir plus, suivez mois sur Instagram ou sur Facebook.<\/p>\n","protected":false},"author":1,"featured_media":0,"parent":0,"menu_order":0,"comment_status":"closed","ping_status":"closed","template":"","meta":{"footnotes":""},"class_list":["post-80","page","type-page","status-publish","hentry"],"jetpack_sharing_enabled":true,"_links":{"self":[{"href":"https:\/\/www.claire-chaouat-ceramique.com\/index.php\/wp-json\/wp\/v2\/pages\/80","targetHints":{"allow":["GET"]}}],"collection":[{"href":"https:\/\/www.claire-chaouat-ceramique.com\/index.php\/wp-json\/wp\/v2\/pages"}],"about":[{"href":"https:\/\/www.claire-chaouat-ceramique.com\/index.php\/wp-json\/wp\/v2\/types\/page"}],"author":[{"embeddable":true,"href":"https:\/\/www.claire-chaouat-ceramique.com\/index.php\/wp-json\/wp\/v2\/users\/1"}],"replies":[{"embeddable":true,"href":"https:\/\/www.claire-chaouat-ceramique.com\/index.php\/wp-json\/wp\/v2\/comments?post=80"}],"version-history":[{"count":1,"href":"https:\/\/www.claire-chaouat-ceramique.com\/index.php\/wp-json\/wp\/v2\/pages\/80\/revisions"}],"predecessor-version":[{"id":86,"href":"https:\/\/www.claire-chaouat-ceramique.com\/index.php\/wp-json\/wp\/v2\/pages\/80\/revisions\/86"}],"wp:attachment":[{"href":"https:\/\/www.claire-chaouat-ceramique.com\/index.php\/wp-json\/wp\/v2\/media?parent=80"}],"curies":[{"name":"wp","href":"https:\/\/api.w.org\/{rel}","templated":true}]}}