{"id":36,"date":"2022-05-09T15:54:33","date_gmt":"2022-05-09T13:54:33","guid":{"rendered":"https:\/\/www.claire-chaouat-ceramique.com\/?page_id=36"},"modified":"2026-02-12T17:11:44","modified_gmt":"2026-02-12T16:11:44","slug":"claire-chaouat-ceramique","status":"publish","type":"page","link":"https:\/\/www.claire-chaouat-ceramique.com\/","title":{"rendered":"Claire CHAOUAT C\u00e9ramique"},"content":{"rendered":"\n<p>Occitanie \u2013 Atelier fond\u00e9 en 2017<\/p>\n\n\n\n<p>Je d\u00e9veloppe un travail c\u00e9ramique artisanal autour des arts de la table et de l\u2019objet d\u00e9coratif. Je travaille le gr\u00e8s et la fa\u00efence, principalement au tour, en pi\u00e8ces uniques et petites s\u00e9ries.<\/p>\n\n\n\n<p>Chaque terre est choisie selon la destination de la pi\u00e8ce. Le tournage constitue le socle de ma pratique, compl\u00e9t\u00e9 par le travail \u00e0 la plaque et par l\u2019estampe. Je propose \u00e9galement des pi\u00e8ces orn\u00e9es de d\u00e9cors repouss\u00e9s sur terre cuir ainsi que des d\u00e9cors par transfert, int\u00e9gr\u00e9s \u00e0 mes collections.<\/p>\n\n\n\n<p>Tous mes \u00e9maux sont \u00e9labor\u00e9s dans mon atelier. Leur recherche participe pleinement \u00e0 l\u2019identit\u00e9 de mon travail : surfaces vibrantes, nuances profondes, \u00e9quilibre entre rusticit\u00e9 et d\u00e9licatesse. Cette fabrication interne garantit \u00e9galement des pi\u00e8ces compatibles avec le contact alimentaire.<\/p>\n\n\n\n<p>Ma production comprend gobelets, bols, assiettes, pichets, saladiers et objets d\u00e9coratifs. Je r\u00e9alise ponctuellement de petites sculptures, espace d\u2019exploration plus libre autour de la forme.<\/p>\n\n\n\n<figure class=\"wp-block-gallery has-nested-images columns-default is-cropped wp-block-gallery-1 is-layout-flex wp-block-gallery-is-layout-flex\">\n<figure class=\"wp-block-image size-large is-style-rounded\"><img data-recalc-dims=\"1\" loading=\"lazy\" decoding=\"async\" width=\"525\" height=\"700\" data-id=\"103\" src=\"https:\/\/i0.wp.com\/www.claire-chaouat-ceramique.com\/wp-content\/uploads\/2024\/04\/Empilement-de-bols.jpg?resize=525%2C700&#038;ssl=1\" alt=\"Empilement de bols\" class=\"wp-image-103\" srcset=\"https:\/\/i0.wp.com\/www.claire-chaouat-ceramique.com\/wp-content\/uploads\/2024\/04\/Empilement-de-bols-scaled.jpg?resize=768%2C1024&amp;ssl=1 768w, https:\/\/i0.wp.com\/www.claire-chaouat-ceramique.com\/wp-content\/uploads\/2024\/04\/Empilement-de-bols-scaled.jpg?resize=225%2C300&amp;ssl=1 225w, https:\/\/i0.wp.com\/www.claire-chaouat-ceramique.com\/wp-content\/uploads\/2024\/04\/Empilement-de-bols-scaled.jpg?resize=1152%2C1536&amp;ssl=1 1152w, https:\/\/i0.wp.com\/www.claire-chaouat-ceramique.com\/wp-content\/uploads\/2024\/04\/Empilement-de-bols-scaled.jpg?resize=1536%2C2048&amp;ssl=1 1536w, https:\/\/i0.wp.com\/www.claire-chaouat-ceramique.com\/wp-content\/uploads\/2024\/04\/Empilement-de-bols-scaled.jpg?resize=1320%2C1760&amp;ssl=1 1320w, https:\/\/i0.wp.com\/www.claire-chaouat-ceramique.com\/wp-content\/uploads\/2024\/04\/Empilement-de-bols-scaled.jpg?resize=350%2C467&amp;ssl=1 350w, https:\/\/i0.wp.com\/www.claire-chaouat-ceramique.com\/wp-content\/uploads\/2024\/04\/Empilement-de-bols-scaled.jpg?w=1920&amp;ssl=1 1920w, https:\/\/i0.wp.com\/www.claire-chaouat-ceramique.com\/wp-content\/uploads\/2024\/04\/Empilement-de-bols-scaled.jpg?w=1050&amp;ssl=1 1050w\" sizes=\"auto, (max-width: 767px) 89vw, (max-width: 1000px) 54vw, (max-width: 1071px) 543px, 580px\" \/><figcaption class=\"wp-element-caption\">Bols en gr\u00e8s tourn\u00e9s<\/figcaption><\/figure>\n<\/figure>\n\n\n\n<p id=\"claireceramique\"><\/p>\n\n\n\n<p class=\"has-text-align-center\">L&rsquo;atelier &#8211; boutique, 3 rue de la Parerie &#8211; 11100 Narbonne<br>Occitanie<\/p>\n","protected":false},"excerpt":{"rendered":"<p>Occitanie \u2013 Atelier fond\u00e9 en 2017 Je d\u00e9veloppe un travail c\u00e9ramique artisanal autour des arts de la table et de l\u2019objet d\u00e9coratif. Je travaille le gr\u00e8s et la fa\u00efence, principalement au tour, en pi\u00e8ces uniques et petites s\u00e9ries. Chaque terre est choisie selon la destination de la pi\u00e8ce. Le tournage constitue le socle de ma &hellip; <\/p>\n<p class=\"link-more\"><a href=\"https:\/\/www.claire-chaouat-ceramique.com\/\" class=\"more-link\">Continuer la lecture<span class=\"screen-reader-text\"> de &laquo;&nbsp;Claire CHAOUAT C\u00e9ramique&nbsp;&raquo;<\/span><\/a><\/p>\n","protected":false},"author":1,"featured_media":0,"parent":0,"menu_order":0,"comment_status":"closed","ping_status":"closed","template":"","meta":{"footnotes":""},"class_list":["post-36","page","type-page","status-publish","hentry"],"jetpack_sharing_enabled":true,"_links":{"self":[{"href":"https:\/\/www.claire-chaouat-ceramique.com\/index.php\/wp-json\/wp\/v2\/pages\/36","targetHints":{"allow":["GET"]}}],"collection":[{"href":"https:\/\/www.claire-chaouat-ceramique.com\/index.php\/wp-json\/wp\/v2\/pages"}],"about":[{"href":"https:\/\/www.claire-chaouat-ceramique.com\/index.php\/wp-json\/wp\/v2\/types\/page"}],"author":[{"embeddable":true,"href":"https:\/\/www.claire-chaouat-ceramique.com\/index.php\/wp-json\/wp\/v2\/users\/1"}],"replies":[{"embeddable":true,"href":"https:\/\/www.claire-chaouat-ceramique.com\/index.php\/wp-json\/wp\/v2\/comments?post=36"}],"version-history":[{"count":6,"href":"https:\/\/www.claire-chaouat-ceramique.com\/index.php\/wp-json\/wp\/v2\/pages\/36\/revisions"}],"predecessor-version":[{"id":174,"href":"https:\/\/www.claire-chaouat-ceramique.com\/index.php\/wp-json\/wp\/v2\/pages\/36\/revisions\/174"}],"wp:attachment":[{"href":"https:\/\/www.claire-chaouat-ceramique.com\/index.php\/wp-json\/wp\/v2\/media?parent=36"}],"curies":[{"name":"wp","href":"https:\/\/api.w.org\/{rel}","templated":true}]}}