{"id":144,"date":"2025-12-09T17:13:13","date_gmt":"2025-12-09T16:13:13","guid":{"rendered":"https:\/\/www.claire-chaouat-ceramique.com\/?page_id=144"},"modified":"2026-04-09T15:55:05","modified_gmt":"2026-04-09T13:55:05","slug":"stage-et-initiation","status":"publish","type":"page","link":"https:\/\/www.claire-chaouat-ceramique.com\/index.php\/stage-et-initiation\/","title":{"rendered":"STAGE ET INITIATION"},"content":{"rendered":"\n<div class=\"wp-block-cover aligncenter\" style=\"min-height:235px;aspect-ratio:unset;\"><img data-recalc-dims=\"1\" loading=\"lazy\" decoding=\"async\" width=\"525\" height=\"427\" class=\"wp-block-cover__image-background wp-image-145\" alt=\"\" src=\"https:\/\/i0.wp.com\/www.claire-chaouat-ceramique.com\/wp-content\/uploads\/2025\/12\/IMG_5274.jpg?resize=525%2C427&#038;ssl=1\" data-object-fit=\"cover\" srcset=\"https:\/\/i0.wp.com\/www.claire-chaouat-ceramique.com\/wp-content\/uploads\/2025\/12\/IMG_5274-scaled.jpg?resize=1024%2C832&amp;ssl=1 1024w, https:\/\/i0.wp.com\/www.claire-chaouat-ceramique.com\/wp-content\/uploads\/2025\/12\/IMG_5274-scaled.jpg?resize=300%2C244&amp;ssl=1 300w, https:\/\/i0.wp.com\/www.claire-chaouat-ceramique.com\/wp-content\/uploads\/2025\/12\/IMG_5274-scaled.jpg?resize=768%2C624&amp;ssl=1 768w, https:\/\/i0.wp.com\/www.claire-chaouat-ceramique.com\/wp-content\/uploads\/2025\/12\/IMG_5274-scaled.jpg?resize=1536%2C1248&amp;ssl=1 1536w, https:\/\/i0.wp.com\/www.claire-chaouat-ceramique.com\/wp-content\/uploads\/2025\/12\/IMG_5274-scaled.jpg?resize=2048%2C1664&amp;ssl=1 2048w, https:\/\/i0.wp.com\/www.claire-chaouat-ceramique.com\/wp-content\/uploads\/2025\/12\/IMG_5274-scaled.jpg?resize=1320%2C1073&amp;ssl=1 1320w, https:\/\/i0.wp.com\/www.claire-chaouat-ceramique.com\/wp-content\/uploads\/2025\/12\/IMG_5274-scaled.jpg?resize=350%2C284&amp;ssl=1 350w\" sizes=\"auto, (max-width: 767px) 89vw, (max-width: 1000px) 54vw, (max-width: 1071px) 543px, 580px\" \/><span aria-hidden=\"true\" class=\"wp-block-cover__background has-background-dim\"><\/span><div class=\"wp-block-cover__inner-container is-layout-flow wp-block-cover-is-layout-flow\">\n<p class=\"has-text-align-center has-large-font-size\">TOURNAGE<\/p>\n\n\n\n<p><\/p>\n<\/div><\/div>\n\n\n\n<p>S\u00e9ance de 2 h de tournage:<br>Durant cette s\u00e9ance, vous appr\u00e9hendez la technique du tournage. De la pes\u00e9e au fa\u00e7onnage, je vous accompagnerez tout au long du processus afin que vous ressentiez la terre bouger entre vos mains.<\/p>\n\n\n\n<p>Cet atelier vous plonge dans la terre, c&rsquo;est une immersion dans le ressenti et la perception de la mati\u00e8re. <\/p>\n\n\n\n<ul class=\"wp-block-list\">\n<li>Public: \u00e0 partir de 13 ans<\/li>\n\n\n\n<li>Niveau: tous niveaux<\/li>\n\n\n\n<li>Quand: Les samedis 9h-11h, selon calendrier ci-dessous<\/li>\n\n\n\n<li>Lieu: 3 rue de la Parerie, Narbonne<\/li>\n\n\n\n<li>Co\u00fbt: 60\u20ac. Le co\u00fbt comprend la s\u00e9ance, la mati\u00e8re, les 2 cuissons et l&rsquo;\u00e9maillage.<\/li>\n\n\n\n<li>Pas de limitation de nombre de pi\u00e8ces<\/li>\n\n\n\n<li>Nombre de participants: 2<\/li>\n<\/ul>\n\n\n\n<div class=\"wp-block-cover is-light wp-duotone-unset-1\" style=\"min-height:213px;aspect-ratio:unset;\"><img data-recalc-dims=\"1\" loading=\"lazy\" decoding=\"async\" width=\"525\" height=\"350\" class=\"wp-block-cover__image-background wp-image-147 size-large\" alt=\"\" src=\"https:\/\/i0.wp.com\/www.claire-chaouat-ceramique.com\/wp-content\/uploads\/2025\/12\/3P5A1103.jpg?resize=525%2C350&#038;ssl=1\" data-object-fit=\"cover\" srcset=\"https:\/\/i0.wp.com\/www.claire-chaouat-ceramique.com\/wp-content\/uploads\/2025\/12\/3P5A1103-scaled.jpg?resize=1024%2C683&amp;ssl=1 1024w, https:\/\/i0.wp.com\/www.claire-chaouat-ceramique.com\/wp-content\/uploads\/2025\/12\/3P5A1103-scaled.jpg?resize=300%2C200&amp;ssl=1 300w, https:\/\/i0.wp.com\/www.claire-chaouat-ceramique.com\/wp-content\/uploads\/2025\/12\/3P5A1103-scaled.jpg?resize=768%2C512&amp;ssl=1 768w, https:\/\/i0.wp.com\/www.claire-chaouat-ceramique.com\/wp-content\/uploads\/2025\/12\/3P5A1103-scaled.jpg?resize=1536%2C1024&amp;ssl=1 1536w, https:\/\/i0.wp.com\/www.claire-chaouat-ceramique.com\/wp-content\/uploads\/2025\/12\/3P5A1103-scaled.jpg?resize=2048%2C1365&amp;ssl=1 2048w, https:\/\/i0.wp.com\/www.claire-chaouat-ceramique.com\/wp-content\/uploads\/2025\/12\/3P5A1103-scaled.jpg?resize=1320%2C880&amp;ssl=1 1320w, https:\/\/i0.wp.com\/www.claire-chaouat-ceramique.com\/wp-content\/uploads\/2025\/12\/3P5A1103-scaled.jpg?resize=350%2C233&amp;ssl=1 350w\" sizes=\"auto, (max-width: 767px) 89vw, (max-width: 1000px) 54vw, (max-width: 1071px) 543px, 580px\" \/><span aria-hidden=\"true\" class=\"wp-block-cover__background has-background-dim\" style=\"background-color:#928374\"><\/span><div class=\"wp-block-cover__inner-container is-layout-flow wp-block-cover-is-layout-flow\">\n<p class=\"has-text-align-center has-large-font-size\">MODELAGE<\/p>\n<\/div><\/div>\n\n\n\n<p>S\u00e9ance de 2 h de modelage ou travail de la plaque:<br>Durant cette s\u00e9ance, vous approcherez diff\u00e9rentes techniques en fonction du th\u00e8me choisi. Je vous montrerai \u00e9galement comment texturer, assembler et former la terre. Avec cette base de technique simples, vous pourrez faire une multitude de cr\u00e9ations.<\/p>\n\n\n\n<p>Les th\u00e8mes sont optionnels. Vous pouvez vous inscrire \u00e0 une s\u00e9ance et d\u00e9cider de r\u00e9aliser autre chose. Seules les s\u00e9ances de d\u00e9cors ne peuvent pas \u00eatre chang\u00e9es.<\/p>\n\n\n\n<ul class=\"wp-block-list\">\n<li>Public: \u00e0 partir de 13 ans<\/li>\n\n\n\n<li>Niveau: tous niveaux<\/li>\n\n\n\n<li>Quand: Les samedis 14h-15h, et, les jeudis de 17h \u00e0 19h selon calendrier ci-dessous.<\/li>\n\n\n\n<li>Lieu: 3 rue de la Parerie, Narbonne<\/li>\n\n\n\n<li>Co\u00fbt: 60\u20ac. Le co\u00fbt comprend la s\u00e9ance, la mati\u00e8re, les 2 cuissons et l&rsquo;\u00e9maillage.<\/li>\n\n\n\n<li>Pas de limitation de nombre de pi\u00e8ces<\/li>\n\n\n\n<li>Nombre de participants: 4<\/li>\n<\/ul>\n\n\n\n<h2 class=\"wp-block-heading\"><strong>Calendrier du 1er trimestre 2026 :<\/strong><\/h2>\n\n\n\n<p><strong>Tournage<\/strong><\/p>\n\n\n\n<p><a href=\"https:\/\/booking.wecandoo.com\/artisans\/f6d5424c-193c-46f8-bf76-35a00a6ce3cf\/workshops\/4e1c5a52-8738-4452-b518-c8908bfa657b\/book\">R\u00e9servation en ligne via Wecandoo<\/a><\/p>\n\n\n\n<p>Avril<\/p>\n\n\n\n<ul class=\"wp-block-list\">\n<li>Samedi 4 : 2 places<\/li>\n\n\n\n<li>Samedi 11 : complet<\/li>\n\n\n\n<li>Samedi 25 : 1 place<\/li>\n<\/ul>\n\n\n\n<p>Mai<\/p>\n\n\n\n<ul class=\"wp-block-list\">\n<li>Samedi 16 mai: 2 places<\/li>\n\n\n\n<li>Samedi 23 mai: 2 places<\/li>\n<\/ul>\n\n\n\n<p>Juin<\/p>\n\n\n\n<ul class=\"wp-block-list\">\n<li>Samedi 6 juin: 2 places<\/li>\n\n\n\n<li>Samedi 13 juin: complet<\/li>\n\n\n\n<li>Samedi 27 juin: 2 places<\/li>\n<\/ul>\n\n\n\n<p><strong>Th\u00e8me et modelage<\/strong>: Les th\u00e8mes sont donn\u00e9s \u00e0 titre indicatif. Vous pouvez choisir votre th\u00e8me.<\/p>\n\n\n\n<p>Avril<\/p>\n\n\n\n<ul class=\"wp-block-list\">\n<li>Samedi 4: Fabriquez votre lampe d&rsquo;ambiance, 4 places<\/li>\n\n\n\n<li>Samedi 11: <a href=\"https:\/\/booking.wecandoo.com\/artisans\/f6d5424c-193c-46f8-bf76-35a00a6ce3cf\/workshops\/2f14159b-21e1-4635-a308-cd5ef62ba33c\/book\">Fabriquez votre set ap\u00e9ro<\/a> ou <a href=\"https:\/\/booking.wecandoo.com\/artisans\/f6d5424c-193c-46f8-bf76-35a00a6ce3cf\/workshops\/975a566d-8197-4c79-af60-b8cb45b715d4\/book\">votre duo de bol \u00e0 ramen<\/a>, complet<\/li>\n\n\n\n<li>Samedi 25: Fabriquez votre nichoir \u00e0 oiseaux, complet<\/li>\n<\/ul>\n\n\n\n<p>Mai<\/p>\n\n\n\n<ul class=\"wp-block-list\">\n<li>Samedi 16 mai: Fabriquez votre lampe d&rsquo;ambiance, 2 places<\/li>\n\n\n\n<li>Samedi 23 mai: Fabriquez votre photophore, 4 places<\/li>\n<\/ul>\n\n\n\n<p>Juin<\/p>\n\n\n\n<ul class=\"wp-block-list\">\n<li>Samedi 6 juin: <a href=\"https:\/\/booking.wecandoo.com\/artisans\/f6d5424c-193c-46f8-bf76-35a00a6ce3cf\/workshops\/2f14159b-21e1-4635-a308-cd5ef62ba33c\/book\">Fabriquez votre set ap\u00e9ro<\/a> ou <a href=\"https:\/\/booking.wecandoo.com\/artisans\/f6d5424c-193c-46f8-bf76-35a00a6ce3cf\/workshops\/975a566d-8197-4c79-af60-b8cb45b715d4\/book\">votre duo de bol \u00e0 ramen<\/a>, 3 places<\/li>\n\n\n\n<li>Samedi 13 juin: <a href=\"https:\/\/booking.wecandoo.com\/artisans\/f6d5424c-193c-46f8-bf76-35a00a6ce3cf\/workshops\/2f14159b-21e1-4635-a308-cd5ef62ba33c\/book\">Fabriquez votre set ap\u00e9ro<\/a> ou <a href=\"https:\/\/booking.wecandoo.com\/artisans\/f6d5424c-193c-46f8-bf76-35a00a6ce3cf\/workshops\/975a566d-8197-4c79-af60-b8cb45b715d4\/book\">votre duo de bol \u00e0 ramen<\/a>, 4 places<\/li>\n\n\n\n<li>Samedi 27 juin: Fabriquez votre lampe d&rsquo;ambiance, 4 places<\/li>\n<\/ul>\n","protected":false},"excerpt":{"rendered":"<p>S\u00e9ance de 2 h de tournage:Durant cette s\u00e9ance, vous appr\u00e9hendez la technique du tournage. De la pes\u00e9e au fa\u00e7onnage, je vous accompagnerez tout au long du processus afin que vous ressentiez la terre bouger entre vos mains. Cet atelier vous plonge dans la terre, c&rsquo;est une immersion dans le ressenti et la perception de la &hellip; <\/p>\n<p class=\"link-more\"><a href=\"https:\/\/www.claire-chaouat-ceramique.com\/index.php\/stage-et-initiation\/\" class=\"more-link\">Continuer la lecture<span class=\"screen-reader-text\"> de &laquo;&nbsp;STAGE ET INITIATION&nbsp;&raquo;<\/span><\/a><\/p>\n","protected":false},"author":1,"featured_media":0,"parent":0,"menu_order":0,"comment_status":"closed","ping_status":"closed","template":"","meta":{"footnotes":""},"class_list":["post-144","page","type-page","status-publish","hentry"],"jetpack_sharing_enabled":true,"_links":{"self":[{"href":"https:\/\/www.claire-chaouat-ceramique.com\/index.php\/wp-json\/wp\/v2\/pages\/144","targetHints":{"allow":["GET"]}}],"collection":[{"href":"https:\/\/www.claire-chaouat-ceramique.com\/index.php\/wp-json\/wp\/v2\/pages"}],"about":[{"href":"https:\/\/www.claire-chaouat-ceramique.com\/index.php\/wp-json\/wp\/v2\/types\/page"}],"author":[{"embeddable":true,"href":"https:\/\/www.claire-chaouat-ceramique.com\/index.php\/wp-json\/wp\/v2\/users\/1"}],"replies":[{"embeddable":true,"href":"https:\/\/www.claire-chaouat-ceramique.com\/index.php\/wp-json\/wp\/v2\/comments?post=144"}],"version-history":[{"count":6,"href":"https:\/\/www.claire-chaouat-ceramique.com\/index.php\/wp-json\/wp\/v2\/pages\/144\/revisions"}],"predecessor-version":[{"id":204,"href":"https:\/\/www.claire-chaouat-ceramique.com\/index.php\/wp-json\/wp\/v2\/pages\/144\/revisions\/204"}],"wp:attachment":[{"href":"https:\/\/www.claire-chaouat-ceramique.com\/index.php\/wp-json\/wp\/v2\/media?parent=144"}],"curies":[{"name":"wp","href":"https:\/\/api.w.org\/{rel}","templated":true}]}}