{"id":121,"date":"2025-08-30T18:25:02","date_gmt":"2025-08-30T16:25:02","guid":{"rendered":"https:\/\/www.claire-chaouat-ceramique.com\/?page_id=121"},"modified":"2025-08-30T18:26:00","modified_gmt":"2025-08-30T16:26:00","slug":"les-sentimentales","status":"publish","type":"page","link":"https:\/\/www.claire-chaouat-ceramique.com\/index.php\/les-sentimentales\/","title":{"rendered":"Les Sentimentales"},"content":{"rendered":"\n<p><\/p>\n\n\n\n<p>Figures na\u00efves et expressives, chacune d&rsquo;elles est l&rsquo;aboutissement d&rsquo;une naissance et d&rsquo;une \u00e9motion.<br>Sculptures nomades, \u00e0 d\u00e9placer, adopter, toucher et caresser. Ce sont des compagnons de route, des sculptures \u00e0 vivre.<\/p>\n\n\n\n<div class=\"wp-block-jetpack-tiled-gallery aligncenter is-style-rectangular\"><div class=\"tiled-gallery__gallery\"><div class=\"tiled-gallery__row\"><div class=\"tiled-gallery__col\" style=\"flex-basis:36.48542%\"><figure class=\"tiled-gallery__item\"><img decoding=\"async\" srcset=\"https:\/\/i1.wp.com\/www.claire-chaouat-ceramique.com\/wp-content\/uploads\/2023\/03\/IMG_8191-1024x576.jpg?strip=info&#038;w=600&#038;ssl=1 600w,https:\/\/i1.wp.com\/www.claire-chaouat-ceramique.com\/wp-content\/uploads\/2023\/03\/IMG_8191-1024x576.jpg?strip=info&#038;w=900&#038;ssl=1 900w,https:\/\/i1.wp.com\/www.claire-chaouat-ceramique.com\/wp-content\/uploads\/2023\/03\/IMG_8191-1024x576.jpg?strip=info&#038;w=1200&#038;ssl=1 1200w,https:\/\/i1.wp.com\/www.claire-chaouat-ceramique.com\/wp-content\/uploads\/2023\/03\/IMG_8191-1024x576.jpg?strip=info&#038;w=1500&#038;ssl=1 1500w,https:\/\/i1.wp.com\/www.claire-chaouat-ceramique.com\/wp-content\/uploads\/2023\/03\/IMG_8191-1024x576.jpg?strip=info&#038;w=1800&#038;ssl=1 1800w,https:\/\/i1.wp.com\/www.claire-chaouat-ceramique.com\/wp-content\/uploads\/2023\/03\/IMG_8191-1024x576.jpg?strip=info&#038;w=2000&#038;ssl=1 2000w\" alt=\"\" data-height=\"1440\" data-id=\"96\" data-link=\"https:\/\/www.claire-chaouat-ceramique.com\/index.php\/sculptures\/img_8191\/\" data-url=\"https:\/\/www.claire-chaouat-ceramique.com\/wp-content\/uploads\/2023\/03\/IMG_8191-1024x576.jpg\" data-width=\"2560\" src=\"https:\/\/i1.wp.com\/www.claire-chaouat-ceramique.com\/wp-content\/uploads\/2023\/03\/IMG_8191-1024x576.jpg?ssl=1\" data-amp-layout=\"responsive\"\/><\/figure><\/div><div class=\"tiled-gallery__col\" style=\"flex-basis:27.41052%\"><figure class=\"tiled-gallery__item\"><img decoding=\"async\" srcset=\"https:\/\/i0.wp.com\/www.claire-chaouat-ceramique.com\/wp-content\/uploads\/2023\/03\/20201028_111320-1024x768.jpg?strip=info&#038;w=600&#038;ssl=1 600w,https:\/\/i0.wp.com\/www.claire-chaouat-ceramique.com\/wp-content\/uploads\/2023\/03\/20201028_111320-1024x768.jpg?strip=info&#038;w=900&#038;ssl=1 900w,https:\/\/i0.wp.com\/www.claire-chaouat-ceramique.com\/wp-content\/uploads\/2023\/03\/20201028_111320-1024x768.jpg?strip=info&#038;w=1200&#038;ssl=1 1200w,https:\/\/i0.wp.com\/www.claire-chaouat-ceramique.com\/wp-content\/uploads\/2023\/03\/20201028_111320-1024x768.jpg?strip=info&#038;w=1500&#038;ssl=1 1500w,https:\/\/i0.wp.com\/www.claire-chaouat-ceramique.com\/wp-content\/uploads\/2023\/03\/20201028_111320-1024x768.jpg?strip=info&#038;w=1800&#038;ssl=1 1800w,https:\/\/i0.wp.com\/www.claire-chaouat-ceramique.com\/wp-content\/uploads\/2023\/03\/20201028_111320-1024x768.jpg?strip=info&#038;w=2000&#038;ssl=1 2000w\" alt=\"\" data-height=\"1920\" data-id=\"91\" data-link=\"https:\/\/www.claire-chaouat-ceramique.com\/index.php\/sculptures\/20201028_111320\/\" data-url=\"https:\/\/www.claire-chaouat-ceramique.com\/wp-content\/uploads\/2023\/03\/20201028_111320-1024x768.jpg\" data-width=\"2560\" src=\"https:\/\/i0.wp.com\/www.claire-chaouat-ceramique.com\/wp-content\/uploads\/2023\/03\/20201028_111320-1024x768.jpg?ssl=1\" data-amp-layout=\"responsive\"\/><\/figure><\/div><div class=\"tiled-gallery__col\" style=\"flex-basis:15.49971%\"><figure class=\"tiled-gallery__item\"><img decoding=\"async\" srcset=\"https:\/\/i0.wp.com\/www.claire-chaouat-ceramique.com\/wp-content\/uploads\/2025\/08\/20210104_154657-768x1024.jpg?strip=info&#038;w=600&#038;ssl=1 600w,https:\/\/i0.wp.com\/www.claire-chaouat-ceramique.com\/wp-content\/uploads\/2025\/08\/20210104_154657-768x1024.jpg?strip=info&#038;w=900&#038;ssl=1 900w,https:\/\/i0.wp.com\/www.claire-chaouat-ceramique.com\/wp-content\/uploads\/2025\/08\/20210104_154657-768x1024.jpg?strip=info&#038;w=1200&#038;ssl=1 1200w,https:\/\/i0.wp.com\/www.claire-chaouat-ceramique.com\/wp-content\/uploads\/2025\/08\/20210104_154657-768x1024.jpg?strip=info&#038;w=1500&#038;ssl=1 1500w,https:\/\/i0.wp.com\/www.claire-chaouat-ceramique.com\/wp-content\/uploads\/2025\/08\/20210104_154657-768x1024.jpg?strip=info&#038;w=1800&#038;ssl=1 1800w,https:\/\/i0.wp.com\/www.claire-chaouat-ceramique.com\/wp-content\/uploads\/2025\/08\/20210104_154657-768x1024.jpg?strip=info&#038;w=1920&#038;ssl=1 1920w\" alt=\"\" data-height=\"2560\" data-id=\"122\" data-link=\"https:\/\/www.claire-chaouat-ceramique.com\/?attachment_id=122\" data-url=\"https:\/\/www.claire-chaouat-ceramique.com\/wp-content\/uploads\/2025\/08\/20210104_154657-768x1024.jpg\" data-width=\"1920\" src=\"https:\/\/i0.wp.com\/www.claire-chaouat-ceramique.com\/wp-content\/uploads\/2025\/08\/20210104_154657-768x1024.jpg?ssl=1\" data-amp-layout=\"responsive\"\/><\/figure><\/div><div class=\"tiled-gallery__col\" style=\"flex-basis:20.60435%\"><figure class=\"tiled-gallery__item\"><img decoding=\"async\" srcset=\"https:\/\/i2.wp.com\/www.claire-chaouat-ceramique.com\/wp-content\/uploads\/2025\/08\/20220328_153403-1024x1024.jpg?strip=info&#038;w=600&#038;ssl=1 600w,https:\/\/i2.wp.com\/www.claire-chaouat-ceramique.com\/wp-content\/uploads\/2025\/08\/20220328_153403-1024x1024.jpg?strip=info&#038;w=900&#038;ssl=1 900w,https:\/\/i2.wp.com\/www.claire-chaouat-ceramique.com\/wp-content\/uploads\/2025\/08\/20220328_153403-1024x1024.jpg?strip=info&#038;w=1200&#038;ssl=1 1200w,https:\/\/i2.wp.com\/www.claire-chaouat-ceramique.com\/wp-content\/uploads\/2025\/08\/20220328_153403-1024x1024.jpg?strip=info&#038;w=1500&#038;ssl=1 1500w,https:\/\/i2.wp.com\/www.claire-chaouat-ceramique.com\/wp-content\/uploads\/2025\/08\/20220328_153403-1024x1024.jpg?strip=info&#038;w=1800&#038;ssl=1 1800w,https:\/\/i2.wp.com\/www.claire-chaouat-ceramique.com\/wp-content\/uploads\/2025\/08\/20220328_153403-1024x1024.jpg?strip=info&#038;w=2000&#038;ssl=1 2000w\" alt=\"\" data-height=\"2560\" data-id=\"123\" data-link=\"https:\/\/www.claire-chaouat-ceramique.com\/?attachment_id=123\" data-url=\"https:\/\/www.claire-chaouat-ceramique.com\/wp-content\/uploads\/2025\/08\/20220328_153403-1024x1024.jpg\" data-width=\"2560\" src=\"https:\/\/i2.wp.com\/www.claire-chaouat-ceramique.com\/wp-content\/uploads\/2025\/08\/20220328_153403-1024x1024.jpg?ssl=1\" data-amp-layout=\"responsive\"\/><\/figure><\/div><\/div><\/div><\/div>\n","protected":false},"excerpt":{"rendered":"<p>Figures na\u00efves et expressives, chacune d&rsquo;elles est l&rsquo;aboutissement d&rsquo;une naissance et d&rsquo;une \u00e9motion.Sculptures nomades, \u00e0 d\u00e9placer, adopter, toucher et caresser. Ce sont des compagnons de route, des sculptures \u00e0 vivre.<\/p>\n","protected":false},"author":1,"featured_media":0,"parent":0,"menu_order":0,"comment_status":"closed","ping_status":"closed","template":"","meta":{"footnotes":""},"class_list":["post-121","page","type-page","status-publish","hentry"],"jetpack_sharing_enabled":true,"_links":{"self":[{"href":"https:\/\/www.claire-chaouat-ceramique.com\/index.php\/wp-json\/wp\/v2\/pages\/121","targetHints":{"allow":["GET"]}}],"collection":[{"href":"https:\/\/www.claire-chaouat-ceramique.com\/index.php\/wp-json\/wp\/v2\/pages"}],"about":[{"href":"https:\/\/www.claire-chaouat-ceramique.com\/index.php\/wp-json\/wp\/v2\/types\/page"}],"author":[{"embeddable":true,"href":"https:\/\/www.claire-chaouat-ceramique.com\/index.php\/wp-json\/wp\/v2\/users\/1"}],"replies":[{"embeddable":true,"href":"https:\/\/www.claire-chaouat-ceramique.com\/index.php\/wp-json\/wp\/v2\/comments?post=121"}],"version-history":[{"count":2,"href":"https:\/\/www.claire-chaouat-ceramique.com\/index.php\/wp-json\/wp\/v2\/pages\/121\/revisions"}],"predecessor-version":[{"id":130,"href":"https:\/\/www.claire-chaouat-ceramique.com\/index.php\/wp-json\/wp\/v2\/pages\/121\/revisions\/130"}],"wp:attachment":[{"href":"https:\/\/www.claire-chaouat-ceramique.com\/index.php\/wp-json\/wp\/v2\/media?parent=121"}],"curies":[{"name":"wp","href":"https:\/\/api.w.org\/{rel}","templated":true}]}}