{"id":112,"date":"2025-08-30T18:03:39","date_gmt":"2025-08-30T16:03:39","guid":{"rendered":"https:\/\/www.claire-chaouat-ceramique.com\/?page_id=112"},"modified":"2025-08-30T18:03:39","modified_gmt":"2025-08-30T16:03:39","slug":"les-petits-mondes","status":"publish","type":"page","link":"https:\/\/www.claire-chaouat-ceramique.com\/index.php\/les-petits-mondes\/","title":{"rendered":"Les petits mondes"},"content":{"rendered":"\n<p>Sph\u00e9riques, comme des plan\u00e8tes sur lesquelles se d\u00e9veloppe un univers. B\u00e2ti ou non, souvent v\u00e9g\u00e9tal voir corallien, chaque monde se raconte, se d\u00e9voile. Il s\u2019ouvre \u00e0 vous en fonction de votre sensibilit\u00e9!<\/p>\n\n\n\n<figure class=\"wp-block-gallery has-nested-images columns-default is-cropped wp-block-gallery-1 is-layout-flex wp-block-gallery-is-layout-flex\">\n<figure class=\"wp-block-image size-large\"><img data-recalc-dims=\"1\" loading=\"lazy\" decoding=\"async\" width=\"525\" height=\"700\" data-id=\"115\" src=\"https:\/\/i0.wp.com\/www.claire-chaouat-ceramique.com\/wp-content\/uploads\/2025\/08\/CLAIRE-CHAOUAT-LART-DE-FER-PETIT-MONDE-6.jpg?resize=525%2C700&#038;ssl=1\" alt=\"\" class=\"wp-image-115\" srcset=\"https:\/\/i0.wp.com\/www.claire-chaouat-ceramique.com\/wp-content\/uploads\/2025\/08\/CLAIRE-CHAOUAT-LART-DE-FER-PETIT-MONDE-6-scaled.jpg?resize=768%2C1024&amp;ssl=1 768w, https:\/\/i0.wp.com\/www.claire-chaouat-ceramique.com\/wp-content\/uploads\/2025\/08\/CLAIRE-CHAOUAT-LART-DE-FER-PETIT-MONDE-6-scaled.jpg?resize=225%2C300&amp;ssl=1 225w, https:\/\/i0.wp.com\/www.claire-chaouat-ceramique.com\/wp-content\/uploads\/2025\/08\/CLAIRE-CHAOUAT-LART-DE-FER-PETIT-MONDE-6-scaled.jpg?resize=1152%2C1536&amp;ssl=1 1152w, https:\/\/i0.wp.com\/www.claire-chaouat-ceramique.com\/wp-content\/uploads\/2025\/08\/CLAIRE-CHAOUAT-LART-DE-FER-PETIT-MONDE-6-scaled.jpg?resize=1536%2C2048&amp;ssl=1 1536w, https:\/\/i0.wp.com\/www.claire-chaouat-ceramique.com\/wp-content\/uploads\/2025\/08\/CLAIRE-CHAOUAT-LART-DE-FER-PETIT-MONDE-6-scaled.jpg?resize=1320%2C1760&amp;ssl=1 1320w, https:\/\/i0.wp.com\/www.claire-chaouat-ceramique.com\/wp-content\/uploads\/2025\/08\/CLAIRE-CHAOUAT-LART-DE-FER-PETIT-MONDE-6-scaled.jpg?resize=350%2C467&amp;ssl=1 350w, https:\/\/i0.wp.com\/www.claire-chaouat-ceramique.com\/wp-content\/uploads\/2025\/08\/CLAIRE-CHAOUAT-LART-DE-FER-PETIT-MONDE-6-scaled.jpg?w=1920&amp;ssl=1 1920w, https:\/\/i0.wp.com\/www.claire-chaouat-ceramique.com\/wp-content\/uploads\/2025\/08\/CLAIRE-CHAOUAT-LART-DE-FER-PETIT-MONDE-6-scaled.jpg?w=1050&amp;ssl=1 1050w\" sizes=\"auto, (max-width: 767px) 89vw, (max-width: 1000px) 54vw, (max-width: 1071px) 543px, 580px\" \/><\/figure>\n\n\n\n<figure class=\"wp-block-image size-large\"><img data-recalc-dims=\"1\" loading=\"lazy\" decoding=\"async\" width=\"525\" height=\"700\" data-id=\"116\" src=\"https:\/\/i0.wp.com\/www.claire-chaouat-ceramique.com\/wp-content\/uploads\/2025\/08\/CLAIRE-CHAOUAT-LART-DE-FER-PETIT-MONDE-2.jpg?resize=525%2C700&#038;ssl=1\" alt=\"\" class=\"wp-image-116\" srcset=\"https:\/\/i0.wp.com\/www.claire-chaouat-ceramique.com\/wp-content\/uploads\/2025\/08\/CLAIRE-CHAOUAT-LART-DE-FER-PETIT-MONDE-2-scaled.jpg?resize=768%2C1024&amp;ssl=1 768w, https:\/\/i0.wp.com\/www.claire-chaouat-ceramique.com\/wp-content\/uploads\/2025\/08\/CLAIRE-CHAOUAT-LART-DE-FER-PETIT-MONDE-2-scaled.jpg?resize=225%2C300&amp;ssl=1 225w, https:\/\/i0.wp.com\/www.claire-chaouat-ceramique.com\/wp-content\/uploads\/2025\/08\/CLAIRE-CHAOUAT-LART-DE-FER-PETIT-MONDE-2-scaled.jpg?resize=1152%2C1536&amp;ssl=1 1152w, https:\/\/i0.wp.com\/www.claire-chaouat-ceramique.com\/wp-content\/uploads\/2025\/08\/CLAIRE-CHAOUAT-LART-DE-FER-PETIT-MONDE-2-scaled.jpg?resize=1536%2C2048&amp;ssl=1 1536w, https:\/\/i0.wp.com\/www.claire-chaouat-ceramique.com\/wp-content\/uploads\/2025\/08\/CLAIRE-CHAOUAT-LART-DE-FER-PETIT-MONDE-2-scaled.jpg?resize=1320%2C1760&amp;ssl=1 1320w, https:\/\/i0.wp.com\/www.claire-chaouat-ceramique.com\/wp-content\/uploads\/2025\/08\/CLAIRE-CHAOUAT-LART-DE-FER-PETIT-MONDE-2-scaled.jpg?resize=350%2C467&amp;ssl=1 350w, https:\/\/i0.wp.com\/www.claire-chaouat-ceramique.com\/wp-content\/uploads\/2025\/08\/CLAIRE-CHAOUAT-LART-DE-FER-PETIT-MONDE-2-scaled.jpg?w=1920&amp;ssl=1 1920w, https:\/\/i0.wp.com\/www.claire-chaouat-ceramique.com\/wp-content\/uploads\/2025\/08\/CLAIRE-CHAOUAT-LART-DE-FER-PETIT-MONDE-2-scaled.jpg?w=1050&amp;ssl=1 1050w\" sizes=\"auto, (max-width: 767px) 89vw, (max-width: 1000px) 54vw, (max-width: 1071px) 543px, 580px\" \/><\/figure>\n\n\n\n<figure class=\"wp-block-image size-large\"><img data-recalc-dims=\"1\" loading=\"lazy\" decoding=\"async\" width=\"525\" height=\"700\" data-id=\"117\" src=\"https:\/\/i0.wp.com\/www.claire-chaouat-ceramique.com\/wp-content\/uploads\/2025\/08\/CLAIRE-CHAOUAT-LART-DE-FER-PETIT-MONDE-5.jpg?resize=525%2C700&#038;ssl=1\" alt=\"\" class=\"wp-image-117\" srcset=\"https:\/\/i0.wp.com\/www.claire-chaouat-ceramique.com\/wp-content\/uploads\/2025\/08\/CLAIRE-CHAOUAT-LART-DE-FER-PETIT-MONDE-5-scaled.jpg?resize=768%2C1024&amp;ssl=1 768w, https:\/\/i0.wp.com\/www.claire-chaouat-ceramique.com\/wp-content\/uploads\/2025\/08\/CLAIRE-CHAOUAT-LART-DE-FER-PETIT-MONDE-5-scaled.jpg?resize=225%2C300&amp;ssl=1 225w, https:\/\/i0.wp.com\/www.claire-chaouat-ceramique.com\/wp-content\/uploads\/2025\/08\/CLAIRE-CHAOUAT-LART-DE-FER-PETIT-MONDE-5-scaled.jpg?resize=1152%2C1536&amp;ssl=1 1152w, https:\/\/i0.wp.com\/www.claire-chaouat-ceramique.com\/wp-content\/uploads\/2025\/08\/CLAIRE-CHAOUAT-LART-DE-FER-PETIT-MONDE-5-scaled.jpg?resize=1536%2C2048&amp;ssl=1 1536w, https:\/\/i0.wp.com\/www.claire-chaouat-ceramique.com\/wp-content\/uploads\/2025\/08\/CLAIRE-CHAOUAT-LART-DE-FER-PETIT-MONDE-5-scaled.jpg?resize=1320%2C1760&amp;ssl=1 1320w, https:\/\/i0.wp.com\/www.claire-chaouat-ceramique.com\/wp-content\/uploads\/2025\/08\/CLAIRE-CHAOUAT-LART-DE-FER-PETIT-MONDE-5-scaled.jpg?resize=350%2C467&amp;ssl=1 350w, https:\/\/i0.wp.com\/www.claire-chaouat-ceramique.com\/wp-content\/uploads\/2025\/08\/CLAIRE-CHAOUAT-LART-DE-FER-PETIT-MONDE-5-scaled.jpg?w=1920&amp;ssl=1 1920w, https:\/\/i0.wp.com\/www.claire-chaouat-ceramique.com\/wp-content\/uploads\/2025\/08\/CLAIRE-CHAOUAT-LART-DE-FER-PETIT-MONDE-5-scaled.jpg?w=1050&amp;ssl=1 1050w\" sizes=\"auto, (max-width: 767px) 89vw, (max-width: 1000px) 54vw, (max-width: 1071px) 543px, 580px\" \/><\/figure>\n\n\n\n\n<\/figure>\n","protected":false},"excerpt":{"rendered":"<p>Sph\u00e9riques, comme des plan\u00e8tes sur lesquelles se d\u00e9veloppe un univers. B\u00e2ti ou non, souvent v\u00e9g\u00e9tal voir corallien, chaque monde se raconte, se d\u00e9voile. Il s\u2019ouvre \u00e0 vous en fonction de votre sensibilit\u00e9!<\/p>\n","protected":false},"author":1,"featured_media":0,"parent":0,"menu_order":0,"comment_status":"closed","ping_status":"closed","template":"","meta":{"footnotes":""},"class_list":["post-112","page","type-page","status-publish","hentry"],"jetpack_sharing_enabled":true,"_links":{"self":[{"href":"https:\/\/www.claire-chaouat-ceramique.com\/index.php\/wp-json\/wp\/v2\/pages\/112","targetHints":{"allow":["GET"]}}],"collection":[{"href":"https:\/\/www.claire-chaouat-ceramique.com\/index.php\/wp-json\/wp\/v2\/pages"}],"about":[{"href":"https:\/\/www.claire-chaouat-ceramique.com\/index.php\/wp-json\/wp\/v2\/types\/page"}],"author":[{"embeddable":true,"href":"https:\/\/www.claire-chaouat-ceramique.com\/index.php\/wp-json\/wp\/v2\/users\/1"}],"replies":[{"embeddable":true,"href":"https:\/\/www.claire-chaouat-ceramique.com\/index.php\/wp-json\/wp\/v2\/comments?post=112"}],"version-history":[{"count":1,"href":"https:\/\/www.claire-chaouat-ceramique.com\/index.php\/wp-json\/wp\/v2\/pages\/112\/revisions"}],"predecessor-version":[{"id":118,"href":"https:\/\/www.claire-chaouat-ceramique.com\/index.php\/wp-json\/wp\/v2\/pages\/112\/revisions\/118"}],"wp:attachment":[{"href":"https:\/\/www.claire-chaouat-ceramique.com\/index.php\/wp-json\/wp\/v2\/media?parent=112"}],"curies":[{"name":"wp","href":"https:\/\/api.w.org\/{rel}","templated":true}]}}